{"id":3,"date":"2022-07-15T17:41:27","date_gmt":"2022-07-15T15:41:27","guid":{"rendered":"http:\/\/fzpeyxl.cluster029.hosting.ovh.net\/?page_id=3"},"modified":"2023-09-28T16:46:49","modified_gmt":"2023-09-28T14:46:49","slug":"politique-de-confidentialite","status":"publish","type":"page","link":"https:\/\/ouargli-avocat.com\/index.php\/politique-de-confidentialite\/","title":{"rendered":"Mentions l\u00e9gales, confidentialit\u00e9 et CGU"},"content":{"rendered":"\n<h2 class=\"wp-block-heading\">Propri\u00e9taire<\/h2>\n\n\n\n<p><strong>Nom de la soci\u00e9t\u00e9 :<\/strong>&nbsp;Anne-Sophie OUARGLI Avocat EI<br><strong>Nom du responsable :<\/strong>&nbsp;Anne-Sophie OUARGLI<\/p>\n\n\n\n<p><strong>Si\u00e8ge Social :<\/strong>&nbsp;21 rue Daval 75011 Paris<br><strong>Etablissement secondaire :<\/strong>&nbsp;22 rue Constantine 69001 LYON<\/p>\n\n\n\n<p><strong>ANNE-SOPHIE&nbsp;OUARGLI AVOCAT EI<br>N\u00b0SIRET :<\/strong> 800 580 359 00035<br><strong>N\u00b0TVA Intracommunautaire :<\/strong> FR 40 800 580 359<br><strong>Avocat au Barreau de Paris<\/strong><br><\/p>\n\n\n\n<p><strong>Num\u00e9ro tel :<\/strong> 06.72.17.68.95<br><strong>Mail :<\/strong> as.ouargli@ouargli-avocat.com<br><strong>Adresse Postale :<\/strong> 21 rue Daval 75011 Paris<\/p>\n\n\n\n<p><\/p>\n\n\n\n<h2 class=\"wp-block-heading\">D\u00e9veloppement<\/h2>\n\n\n\n<p><strong>EDITEUR DE LA PUBLICATION :<\/strong>&nbsp;Justin Chazalette<br><strong>DIRECTEUR DE LA PUBLICATION :<\/strong>&nbsp;Justin Chazalette<br><strong>RESPONSABLE DE LA REDACTION :<\/strong>&nbsp;Anne-Sophie Ouargli<br><strong>WEBMASTER :<\/strong>&nbsp;Justin Chazalette<\/p>\n\n\n\n<p><strong>Num\u00e9ro tel Webmaster :<\/strong> 06.89.75.73.60<br><strong>Mail Webmaster :<\/strong> chazalettejustin@gmail.com<br><strong>Adresse Webmaster : <\/strong>19 rue Cl\u00e9ment Michut, 69100 VILLEURBANNE<\/p>\n\n\n\n<h2 class=\"wp-block-heading\">H\u00e9bergement <\/h2>\n\n\n\n<p>Ce site est h\u00e9berg\u00e9 par&nbsp;<strong>OVH<\/strong><br>SAS au capital de 10 069 020 \u20ac<br>RCS Lille M\u00e9tropole 424 761 419 00045<br>Code APE 2620Z<br>N\u00b0 TVA : FR 22 424 761 419<br>Si\u00e8ge social : 2 rue Kellermann 59100 Roubaix<\/p>\n\n\n\n<hr class=\"wp-block-separator has-alpha-channel-opacity\"\/>\n\n\n\n<h2 class=\"wp-block-heading\">M\u00e9diateur <\/h2>\n\n\n\n<p>Conform\u00e9ment aux dispositions des articles L 612-1 et suivants du Code de la consommation, vous avez la possibilit\u00e9, en cas de litige li\u00e9 au paiement des honoraires de l\u2019avocat, de recourir gratuitement au M\u00e9diateur de la consommation de la profession d\u2019avocat mis en place par le Conseil National des Barreaux (CNB), joignable \u00e0 l\u2019adresse postale suivante : <br>CNB, M\u00e9diateur \u00e0 la consommation, 180 boulevard Haussmann, 75008 PARIS <\/p>\n\n\n\n<p>ou par courriel \u00e0 l&#8217;adresse : <br>mediateur-conso@mediateur-consommation-avocat.fr.<\/p>\n\n\n\n<p><br>Pour plus d\u2019information, vous pouvez vous connecter sur la plateforme :<br><a href=\"https:\/\/mediateur-consommation-avocat.fr\/\">https:\/\/mediateur-consommation-avocat.fr\/<\/a><\/p>\n\n\n\n<hr class=\"wp-block-separator has-alpha-channel-opacity\"\/>\n\n\n\n<h2 class=\"wp-block-heading\">R\u00e8glement relatif \u00e0 la protection des donn\u00e9es personnelles<\/h2>\n\n\n\n<p>Ma\u00eetre Anne Sophie Ouargli s\u2019engage \u00e0 ce que la collecte et le traitement de donn\u00e9es \u00e0 caract\u00e8re personnel, effectu\u00e9s \u00e0 partir du site soient effectu\u00e9s conform\u00e9ment \u00e0 la loi n\u00b078-17 du 6 janvier 1978 relative \u00e0 l\u2019informatique, aux fichiers et aux libert\u00e9s dite loi \u00ab&nbsp;Informatique et Libert\u00e9s&nbsp;\u00bb :<\/p>\n\n\n\n<p><strong>1.<\/strong>&nbsp;<strong>Donn\u00e9es <\/strong><\/p>\n\n\n\n<p>Par donn\u00e9es \u00e0 caract\u00e8re personnel, Ma\u00eetre Ouargli entend toutes les informations relatives \u00e0 une personne physique identifi\u00e9e ou identifiable par un ou plusieurs \u00e9l\u00e9ments qui lui sont propres, fournies sur le site notamment pour nous contacter via le&nbsp;formulaire de contact.<\/p>\n\n\n\n<p>Les informations personnelles ainsi fournies sur le site permettent le traitement de vos demandes.<\/p>\n\n\n\n<p>Les donn\u00e9es \u00e0 caract\u00e8re personnel collect\u00e9es sur le Site peuvent \u00eatre transmises aux avocats, juristes et au personnel administratif, et le cas \u00e9ch\u00e9ant, \u00e0 nos sous-traitants en mati\u00e8re informatique.<\/p>\n\n\n\n<p>Elles sont conserv\u00e9es pendant une dur\u00e9e maximum d\u2019un an apr\u00e8s dernier contact de votre part.<\/p>\n\n\n\n<p><strong>2.&nbsp;Droits sur vos donn\u00e9es personnelles<\/strong><\/p>\n\n\n\n<p>Vous disposez d\u2019un droit d\u2019opposition au traitement par Ma\u00eetre Anne Sophie Ouargli des donn\u00e9es personnelles vous concernant.<\/p>\n\n\n\n<p>Par ailleurs, vous disposez d\u2019un droit d\u2019acc\u00e8s, de communication, de modification, de rectification et de suppression des informations vous concernant, et recueillies lors de vos visites du site.<\/p>\n\n\n\n<p>Plus particuli\u00e8rement, vous disposez du droit d\u2019interroger Ma\u00eetre Ouargli en vue d\u2019obtenir la confirmation que vos donn\u00e9es personnelles font ou ne font pas l\u2019objet d\u2019un traitement, des informations relatives aux finalit\u00e9s du traitement, aux cat\u00e9gories de destinataires auxquelles celles-ci sont communiqu\u00e9es.<\/p>\n\n\n\n<p>Nous vous indiquons qu\u2019une copie des donn\u00e9es \u00e0 caract\u00e8re personnel vous concernant peut vous \u00eatre d\u00e9livr\u00e9e, \u00e0 votre demande et contre remboursement des co\u00fbts de reproduction de celle-ci.<\/p>\n\n\n\n<p>Toutefois, Ma\u00eetre Ouargli a la possibilit\u00e9 de s\u2019opposer aux demandes manifestement abusives, notamment par leur nombre, leur caract\u00e8re r\u00e9p\u00e9titif ou syst\u00e9matique.<\/p>\n\n\n\n<p>Pour exercer ces droits, il suffit d\u2019adresser un courrier postal \u00e0 l\u2019adresse suivante&nbsp;:<br><strong>Ma\u00eetre Anne-Sophie Ouargli<\/strong><br>21 rue Daval<br>75011 PARIS<br>France<\/p>\n\n\n\n<p>Les informations personnelles collect\u00e9es \u00e0 partir du site sont conserv\u00e9es conform\u00e9ment aux r\u00e8gles prescrites par la loi \u00ab&nbsp;Informatique et Libert\u00e9s&nbsp;\u00bb.<\/p>\n\n\n\n<hr class=\"wp-block-separator has-alpha-channel-opacity\"\/>\n\n\n\n<h2 class=\"wp-block-heading\">Utilisation des cookies<\/h2>\n\n\n\n<p>Afin de faciliter votre acc\u00e8s aux services propos\u00e9s (notamment, en limitant le temps de chargement de nos pages lors de vos futures visites), nous implantons des \u00ab&nbsp;cookies&nbsp;\u00bb, c\u2019est-\u00e0-dire des fichiers de petite taille, sur votre disque dur.<\/p>\n\n\n\n<p>Ces cookies sont uniquement destin\u00e9s \u00e0 constituer des t\u00e9moins de connexions, et donc d\u2019identifier votre ordinateur pour faciliter votre navigation.<\/p>\n\n\n\n<p>La dur\u00e9e de conservation de ces informations est de 1 an.<\/p>\n\n\n\n<p>Vous pouvez vous opposer \u00e0 l\u2019enregistrement de \u00ab&nbsp;cookies&nbsp;\u00bb en configurant votre navigateur de la mani\u00e8re suivante&nbsp;:<\/p>\n\n\n\n<p><strong>Pour Mozilla firefox&nbsp;:<\/strong>&nbsp;1. Choisissez le menu \u00ab&nbsp;outil &nbsp;\u00bb puis \u00ab&nbsp;Options&nbsp;\u00bb 2. Cliquez sur l\u2019ic\u00f4ne \u00ab&nbsp;vie priv\u00e9e&nbsp;\u00bb 3. Rep\u00e9rez le menu \u00ab&nbsp;cookie&nbsp;\u00bb et s\u00e9lectionnez les options qui vous conviennent<\/p>\n\n\n\n<p><strong>Pour Microsoft Internet Explorer 6.0&nbsp;:<\/strong>&nbsp;1. choisissez le menu \u00ab&nbsp;Outils&nbsp;\u00bb (ou \u00ab&nbsp;Tools&nbsp;\u00bb), puis \u00ab&nbsp;Options Internet&nbsp;\u00bb (ou \u00ab&nbsp;Internet Options&nbsp;\u00bb). 2. cliquez sur l\u2019onglet \u00ab&nbsp;Confidentialit\u00e9&nbsp;\u00bb (ou \u00ab&nbsp;Confidentiality&nbsp;\u00bb) 3. s\u00e9lectionnez le niveau souhait\u00e9 \u00e0 l\u2019aide du curseur.<\/p>\n\n\n\n<p><strong>Pour Microsoft Internet Explorer 5&nbsp;:<\/strong>&nbsp;1. choisissez le menu \u00ab&nbsp;Outils&nbsp;\u00bb (ou \u00ab&nbsp;Tools&nbsp;\u00bb), puis \u00ab&nbsp;Options Internet&nbsp;\u00bb (ou \u00ab&nbsp;Internet Options&nbsp;\u00bb). 2. cliquez sur l\u2019onglet \u00ab&nbsp;S\u00e9curit\u00e9&nbsp;\u00bb (ou \u00ab&nbsp;Security&nbsp;\u00bb) 3. s\u00e9lectionnez \u00ab&nbsp;Internet&nbsp;\u00bb puis \u00ab&nbsp;Personnaliser le niveau&nbsp;\u00bb (ou \u00ab&nbsp;CustomLevel&nbsp;\u00bb) 4. rep\u00e9rez la rubrique \u00ab&nbsp;cookies&nbsp;\u00bb et choisissez l\u2019option qui vous convient<\/p>\n\n\n\n<p><strong>Pour Netscape 6.X et 7. X&nbsp;:<\/strong>&nbsp;1. choisissez le menu \u00ab&nbsp;Edition&nbsp;\u00bb&gt;&nbsp;\u00bbPr\u00e9f\u00e9rences&nbsp;\u00bb 2. Confidentialit\u00e9 et S\u00e9curit\u00e9 3. Cookies<\/p>\n\n\n\n<p><strong>Pour Op\u00e9ra 6.0 et au-del\u00e0&nbsp;:<\/strong>&nbsp;1. choisissez le menu \u00ab&nbsp;Fichier&nbsp;\u00bb&gt;&nbsp;\u00bbPr\u00e9f\u00e9rences&nbsp;\u00bb 2. Vie Priv\u00e9e<\/p>\n\n\n\n<p>Attention&nbsp;: une telle opposition est susceptible d\u2019alt\u00e9rer la qualit\u00e9 de votre acc\u00e8s et\/ou de votre navigation sur le Site.<\/p>\n","protected":false},"excerpt":{"rendered":"<p>Propri\u00e9taire Nom de la soci\u00e9t\u00e9 :&nbsp;Anne-Sophie OUARGLI Avocat EINom du responsable :&nbsp;Anne-Sophie OUARGLI Si\u00e8ge Social :&nbsp;21 rue Daval 75011 ParisEtablissement secondaire :&nbsp;22 rue Constantine 69001 LYON ANNE-SOPHIE&nbsp;OUARGLI AVOCAT EIN\u00b0SIRET : 800 580 359 00035N\u00b0TVA Intracommunautaire : FR 40 800 580 359Avocat au Barreau de Paris Num\u00e9ro tel : 06.72.17.68.95Mail : as.ouargli@ouargli-avocat.comAdresse Postale : 21 rue [&hellip;]<\/p>\n","protected":false},"author":1,"featured_media":0,"parent":0,"menu_order":0,"comment_status":"closed","ping_status":"open","template":"","meta":{"footnotes":""},"class_list":["post-3","page","type-page","status-publish","hentry"],"_links":{"self":[{"href":"https:\/\/ouargli-avocat.com\/index.php\/wp-json\/wp\/v2\/pages\/3","targetHints":{"allow":["GET"]}}],"collection":[{"href":"https:\/\/ouargli-avocat.com\/index.php\/wp-json\/wp\/v2\/pages"}],"about":[{"href":"https:\/\/ouargli-avocat.com\/index.php\/wp-json\/wp\/v2\/types\/page"}],"author":[{"embeddable":true,"href":"https:\/\/ouargli-avocat.com\/index.php\/wp-json\/wp\/v2\/users\/1"}],"replies":[{"embeddable":true,"href":"https:\/\/ouargli-avocat.com\/index.php\/wp-json\/wp\/v2\/comments?post=3"}],"version-history":[{"count":5,"href":"https:\/\/ouargli-avocat.com\/index.php\/wp-json\/wp\/v2\/pages\/3\/revisions"}],"predecessor-version":[{"id":7782,"href":"https:\/\/ouargli-avocat.com\/index.php\/wp-json\/wp\/v2\/pages\/3\/revisions\/7782"}],"wp:attachment":[{"href":"https:\/\/ouargli-avocat.com\/index.php\/wp-json\/wp\/v2\/media?parent=3"}],"curies":[{"name":"wp","href":"https:\/\/api.w.org\/{rel}","templated":true}]}}